{"id":2532,"date":"2022-02-02T18:17:19","date_gmt":"2022-02-02T18:17:19","guid":{"rendered":"https:\/\/permavida.org\/?page_id=2532"},"modified":"2022-02-02T18:17:19","modified_gmt":"2022-02-02T18:17:19","slug":"zander-hathaway","status":"publish","type":"page","link":"https:\/\/permavida.org\/es\/about\/zander-hathaway","title":{"rendered":"Zander Hathaway"},"content":{"rendered":"<p><div class=\"fusion-fullwidth fullwidth-box fusion-builder-row-1 fusion-flex-container nonhundred-percent-fullwidth non-hundred-percent-height-scrolling\" style=\"--awb-border-radius-top-left:0px;--awb-border-radius-top-right:0px;--awb-border-radius-bottom-right:0px;--awb-border-radius-bottom-left:0px;--awb-padding-top:40px;--awb-flex-wrap:wrap;\" ><div class=\"fusion-builder-row fusion-row fusion-flex-align-items-flex-start fusion-flex-content-wrap\" style=\"max-width:1216.8px;margin-left: calc(-4% \/ 2 );margin-right: calc(-4% \/ 2 );\"><div class=\"fusion-layout-column fusion_builder_column fusion-builder-column-0 fusion_builder_column_1_3 1_3 fusion-flex-column\" style=\"--awb-bg-size:cover;--awb-width-large:33.333333333333%;--awb-margin-top-large:0px;--awb-spacing-right-large:5.76%;--awb-margin-bottom-large:20px;--awb-spacing-left-large:5.76%;--awb-width-medium:100%;--awb-order-medium:0;--awb-spacing-right-medium:1.92%;--awb-spacing-left-medium:1.92%;--awb-width-small:100%;--awb-order-small:0;--awb-spacing-right-small:1.92%;--awb-spacing-left-small:1.92%;\"><div class=\"fusion-column-wrapper fusion-column-has-shadow fusion-flex-justify-content-flex-start fusion-content-layout-column\"><div class=\"fusion-image-element \" style=\"--awb-caption-title-font-family:var(--h2_typography-font-family);--awb-caption-title-font-weight:var(--h2_typography-font-weight);--awb-caption-title-font-style:var(--h2_typography-font-style);--awb-caption-title-size:var(--h2_typography-font-size);--awb-caption-title-transform:var(--h2_typography-text-transform);--awb-caption-title-line-height:var(--h2_typography-line-height);--awb-caption-title-letter-spacing:var(--h2_typography-letter-spacing);\"><span class=\" fusion-imageframe imageframe-none imageframe-1 hover-type-none\" style=\"border-radius:50%;\"><img decoding=\"async\" width=\"1024\" height=\"768\" src=\"https:\/\/permavida.org\/wp-content\/uploads\/2021\/12\/Zander-e1638456800737.jpg\" alt class=\"img-responsive wp-image-2326\"\/><\/span><\/div><\/div><\/div><div class=\"fusion-layout-column fusion_builder_column fusion-builder-column-1 fusion_builder_column_2_3 2_3 fusion-flex-column\" style=\"--awb-bg-size:cover;--awb-width-large:66.666666666667%;--awb-margin-top-large:0px;--awb-spacing-right-large:2.88%;--awb-margin-bottom-large:20px;--awb-spacing-left-large:2.88%;--awb-width-medium:100%;--awb-order-medium:0;--awb-spacing-right-medium:1.92%;--awb-spacing-left-medium:1.92%;--awb-width-small:100%;--awb-order-small:0;--awb-spacing-right-small:1.92%;--awb-spacing-left-small:1.92%;\"><div class=\"fusion-column-wrapper fusion-column-has-shadow fusion-flex-justify-content-flex-start fusion-content-layout-column\"><div class=\"fusion-title title fusion-title-1 fusion-sep-none fusion-title-text fusion-title-size-two\" style=\"--awb-margin-bottom:10px;--awb-margin-top-small:0px;--awb-margin-right-small:0px;--awb-margin-bottom-small:20px;--awb-margin-left-small:0px;\"><h2 class=\"fusion-title-heading title-heading-left\" style=\"margin:0;\">Zander Hathaway<\/h2><\/div><div class=\"fusion-title title fusion-title-2 fusion-sep-none fusion-title-text fusion-title-size-four\" style=\"--awb-margin-top-small:0px;--awb-margin-right-small:0px;--awb-margin-bottom-small:20px;--awb-margin-left-small:0px;\"><h4 class=\"fusion-title-heading title-heading-left\" style=\"margin:0;\">Presidente, Cofundador<\/h4><\/div><div class=\"fusion-text fusion-text-1\" style=\"--awb-text-transform:none;\"><p><span style=\"font-weight: 400;\">Zander Hathaway es un gran simio domesticado aprendiendo a vivir en mayor armon\u00eda con la naturaleza. Nacido en el Silicon Valley de alta tecnolog\u00eda de California, fue testigo de c\u00f3mo varios miembros de su familia sufr\u00edan de c\u00e1ncer y otras \u00abenfermedades de la civilizaci\u00f3n\u00bb. Asimismo, desarroll\u00f3 sus propios desaf\u00edos de salud que solo empeoraron con la medicina moderna. Como resultado, comenz\u00f3 a investigar sobre la salud natural y encontr\u00f3 mucha informaci\u00f3n confusa y contradictoria.<\/span><\/p>\n<p><span style=\"font-weight: 400;\">Mientras obten\u00eda su t\u00edtulo en Administraci\u00f3n de Empresas de Cal Poly, San Luis Obispo, comenz\u00f3 a investigar las causas fundamentales de las enfermedades y disfunciones en la sociedad moderna: la mercantilizaci\u00f3n de los recursos naturales, la domesticaci\u00f3n de humanos y otros animales, alimentos y medicamentos t\u00f3xicos, instituciones corruptas, esclavitud por deudas, dependencia de monedas controladas centralmente y tecnolog\u00edas industriales, contaminaci\u00f3n, etc.<\/span><\/p>\n<p><span style=\"font-weight: 400;\">Se dio cuenta de que las estrategias m\u00e1s radicales y hol\u00edsticas para resolver estos problemas implican la forma en que evolucionaron nuestros antepasados \u200b\u200bdurante millones de a\u00f1os, antes de nuestro dominio del fuego. Estos incluyen vivir en un clima tropical, entre una tribu de individuos libres, disfrutar de un estilo de vida activo, recolectar frutas, comer una dieta basada en plantas crudas, obtener suficiente aire fresco y luz solar, dormir cuando el sol se pone, caminar descalzo, calmar nuestra mente y captar nuestros sentidos.<\/span><\/p>\n<p><span style=\"font-weight: 400;\">En 2011, Zander se mud\u00f3 al Valle Diamante de Costa Rica. Vivi\u00f3 y trabaj\u00f3 en varias granjas y comunidades que luchaban por la sostenibilidad. Estos incluyen el Centro de Vida Natural de Costa Rica y Osa Mountain Village, donde dirigi\u00f3 eco-tours de jardines de permacultura y senderos de la selva tropical. En 2015, mientras viv\u00eda en la comunidad de agricultura org\u00e1nica de Fuente Verde, facilit\u00f3 su primer retiro llamado Ape Living.<\/span><\/p>\n<p><span style=\"font-weight: 400;\">Durante los siguientes tres a\u00f1os, Zander trabaj\u00f3 con Upward Spirals para crear Diamante Center, un centro educativo de bienestar que luego se convirti\u00f3 en una red de lugares de retiro locales. Como especialista en comunicaciones, ayud\u00f3 con la investigaci\u00f3n, la escritura, el marketing, la producci\u00f3n de eventos y la hospitalidad para docenas de eventos. A principios de 2018, organiz\u00f3 su segundo retiro de Ape Living y comenz\u00f3 a ser entrenador de salud. Tambi\u00e9n comenz\u00f3 a ense\u00f1ar ingl\u00e9s en l\u00ednea a ni\u00f1os en China. Un a\u00f1o m\u00e1s tarde, agreg\u00f3 terapias de ox\u00edgeno hiperb\u00e1rico y ozono a sus ofrecimientos ayudando a sus clientes con la desintoxicaci\u00f3n y la regeneraci\u00f3n.<\/span><\/p>\n<p><span style=\"font-weight: 400;\">Zander cofund\u00f3 la Fundaci\u00f3n Perma Vida y actualmente vive en Platanillo de Bar\u00fa. Adem\u00e1s de aprender y ense\u00f1ar sobre una vida saludable, \u00e9l disfruta practicar el movimiento natural, la calistenia, descubrir nuevas frutas, crear deliciosos alimentos crudos, ayuno de jugos, yoga, ejercicios de respiraci\u00f3n, masajes, tocar el tambor, tocar la guitarra, frisbee, ajedrez y simplemente divertirse.<\/span><\/p>\n<\/div><\/div><\/div><\/div><\/div><div class=\"fusion-fullwidth fullwidth-box fusion-builder-row-2 fusion-flex-container nonhundred-percent-fullwidth non-hundred-percent-height-scrolling\" style=\"--awb-border-radius-top-left:0px;--awb-border-radius-top-right:0px;--awb-border-radius-bottom-right:0px;--awb-border-radius-bottom-left:0px;--awb-flex-wrap:wrap;\" ><div class=\"fusion-builder-row fusion-row fusion-flex-align-items-flex-start fusion-flex-content-wrap\" style=\"max-width:1216.8px;margin-left: calc(-4% \/ 2 );margin-right: calc(-4% \/ 2 );\"><div class=\"fusion-layout-column fusion_builder_column fusion-builder-column-2 fusion_builder_column_1_1 1_1 fusion-flex-column\" style=\"--awb-bg-size:cover;--awb-width-large:100%;--awb-margin-top-large:0px;--awb-spacing-right-large:1.92%;--awb-margin-bottom-large:0px;--awb-spacing-left-large:1.92%;--awb-width-medium:100%;--awb-spacing-right-medium:1.92%;--awb-spacing-left-medium:1.92%;--awb-width-small:100%;--awb-spacing-right-small:1.92%;--awb-spacing-left-small:1.92%;\"><div class=\"fusion-column-wrapper fusion-flex-justify-content-flex-start fusion-content-layout-column\"><div class=\"fusion-text fusion-text-2\"><div class=\"fusion-fullwidth fullwidth-box fusion-builder-row-2-1 fusion-flex-container fusion-parallax-none nonhundred-percent-fullwidth non-hundred-percent-height-scrolling\" style=\"--awb-border-sizes-top:0px;--awb-border-sizes-bottom:0px;--awb-border-sizes-left:0px;--awb-border-sizes-right:0px;--awb-border-radius-top-left:0px;--awb-border-radius-top-right:0px;--awb-border-radius-bottom-right:0px;--awb-border-radius-bottom-left:0px;--awb-padding-top:150px;--awb-padding-bottom:150px;--awb-margin-top:0px;--awb-background-image:linear-gradient(180deg, rgba(0,0,0,0.2) 0%,rgba(0,0,0,0.65) 100%),url(https:\/\/permavida.org\/wp-content\/uploads\/2021\/09\/nico-vivero.png);;--awb-background-size:cover;--awb-flex-wrap:wrap;\" ><\/div>\n\n<\/div><\/div><\/div><\/div><\/div><\/p>\n","protected":false},"excerpt":{"rendered":"","protected":false},"author":1,"featured_media":0,"parent":2200,"menu_order":0,"comment_status":"closed","ping_status":"closed","template":"100-width.php","meta":{"footnotes":""},"class_list":["post-2532","page","type-page","status-publish","hentry"],"_links":{"self":[{"href":"https:\/\/permavida.org\/es\/wp-json\/wp\/v2\/pages\/2532","targetHints":{"allow":["GET"]}}],"collection":[{"href":"https:\/\/permavida.org\/es\/wp-json\/wp\/v2\/pages"}],"about":[{"href":"https:\/\/permavida.org\/es\/wp-json\/wp\/v2\/types\/page"}],"author":[{"embeddable":true,"href":"https:\/\/permavida.org\/es\/wp-json\/wp\/v2\/users\/1"}],"replies":[{"embeddable":true,"href":"https:\/\/permavida.org\/es\/wp-json\/wp\/v2\/comments?post=2532"}],"version-history":[{"count":2,"href":"https:\/\/permavida.org\/es\/wp-json\/wp\/v2\/pages\/2532\/revisions"}],"predecessor-version":[{"id":2534,"href":"https:\/\/permavida.org\/es\/wp-json\/wp\/v2\/pages\/2532\/revisions\/2534"}],"up":[{"embeddable":true,"href":"https:\/\/permavida.org\/es\/wp-json\/wp\/v2\/pages\/2200"}],"wp:attachment":[{"href":"https:\/\/permavida.org\/es\/wp-json\/wp\/v2\/media?parent=2532"}],"curies":[{"name":"wp","href":"https:\/\/api.w.org\/{rel}","templated":true}]}}