{"id":2551,"date":"2022-02-03T04:48:10","date_gmt":"2022-02-03T04:48:10","guid":{"rendered":"https:\/\/permavida.org\/?page_id=2551"},"modified":"2022-02-03T04:48:10","modified_gmt":"2022-02-03T04:48:10","slug":"timothy-johnson","status":"publish","type":"page","link":"https:\/\/permavida.org\/es\/about\/timothy-johnson","title":{"rendered":"Timothy Johnson"},"content":{"rendered":"<p><div class=\"fusion-fullwidth fullwidth-box fusion-builder-row-1 fusion-flex-container nonhundred-percent-fullwidth non-hundred-percent-height-scrolling\" style=\"--awb-border-radius-top-left:0px;--awb-border-radius-top-right:0px;--awb-border-radius-bottom-right:0px;--awb-border-radius-bottom-left:0px;--awb-padding-top:40px;--awb-flex-wrap:wrap;\" ><div class=\"fusion-builder-row fusion-row fusion-flex-align-items-flex-start fusion-flex-content-wrap\" style=\"max-width:1216.8px;margin-left: calc(-4% \/ 2 );margin-right: calc(-4% \/ 2 );\"><div class=\"fusion-layout-column fusion_builder_column fusion-builder-column-0 fusion_builder_column_1_3 1_3 fusion-flex-column\" style=\"--awb-bg-size:cover;--awb-width-large:33.333333333333%;--awb-margin-top-large:0px;--awb-spacing-right-large:5.76%;--awb-margin-bottom-large:20px;--awb-spacing-left-large:5.76%;--awb-width-medium:100%;--awb-order-medium:0;--awb-spacing-right-medium:1.92%;--awb-spacing-left-medium:1.92%;--awb-width-small:100%;--awb-order-small:0;--awb-spacing-right-small:1.92%;--awb-spacing-left-small:1.92%;\"><div class=\"fusion-column-wrapper fusion-column-has-shadow fusion-flex-justify-content-flex-start fusion-content-layout-column\"><div class=\"fusion-image-element \" style=\"--awb-caption-title-font-family:var(--h2_typography-font-family);--awb-caption-title-font-weight:var(--h2_typography-font-weight);--awb-caption-title-font-style:var(--h2_typography-font-style);--awb-caption-title-size:var(--h2_typography-font-size);--awb-caption-title-transform:var(--h2_typography-text-transform);--awb-caption-title-line-height:var(--h2_typography-line-height);--awb-caption-title-letter-spacing:var(--h2_typography-letter-spacing);\"><span class=\" fusion-imageframe imageframe-none imageframe-1 hover-type-none\" style=\"border-radius:50%;\"><img decoding=\"async\" width=\"400\" height=\"401\" title=\"Timothy Johnson\" src=\"https:\/\/permavida.org\/wp-content\/uploads\/2021\/06\/Timothy_Johnson_web_680-400x401.jpg\" alt class=\"img-responsive wp-image-1652\" srcset=\"https:\/\/permavida.org\/wp-content\/uploads\/2021\/06\/Timothy_Johnson_web_680-200x200.jpg 200w, https:\/\/permavida.org\/wp-content\/uploads\/2021\/06\/Timothy_Johnson_web_680-400x401.jpg 400w, https:\/\/permavida.org\/wp-content\/uploads\/2021\/06\/Timothy_Johnson_web_680-600x601.jpg 600w, https:\/\/permavida.org\/wp-content\/uploads\/2021\/06\/Timothy_Johnson_web_680.jpg 680w\" sizes=\"(max-width: 1024px) 100vw, (max-width: 640px) 100vw, 400px\" \/><\/span><\/div><\/div><\/div><div class=\"fusion-layout-column fusion_builder_column fusion-builder-column-1 fusion_builder_column_2_3 2_3 fusion-flex-column\" style=\"--awb-bg-size:cover;--awb-width-large:66.666666666667%;--awb-margin-top-large:0px;--awb-spacing-right-large:2.88%;--awb-margin-bottom-large:20px;--awb-spacing-left-large:2.88%;--awb-width-medium:100%;--awb-order-medium:0;--awb-spacing-right-medium:1.92%;--awb-spacing-left-medium:1.92%;--awb-width-small:100%;--awb-order-small:0;--awb-spacing-right-small:1.92%;--awb-spacing-left-small:1.92%;\"><div class=\"fusion-column-wrapper fusion-column-has-shadow fusion-flex-justify-content-flex-start fusion-content-layout-column\"><div class=\"fusion-title title fusion-title-1 fusion-sep-none fusion-title-text fusion-title-size-two\" style=\"--awb-margin-bottom:10px;--awb-margin-top-small:0px;--awb-margin-right-small:0px;--awb-margin-bottom-small:20px;--awb-margin-left-small:0px;\"><h2 class=\"fusion-title-heading title-heading-left\" style=\"margin:0;\">Timothy Johnson<\/h2><\/div><div class=\"fusion-title title fusion-title-2 fusion-sep-none fusion-title-text fusion-title-size-four\" style=\"--awb-margin-top-small:0px;--awb-margin-right-small:0px;--awb-margin-bottom-small:20px;--awb-margin-left-small:0px;\"><h4 class=\"fusion-title-heading title-heading-left\" style=\"margin:0;\">Director de Educaci\u00f3n<\/h4><\/div><div class=\"fusion-text fusion-text-1\" style=\"--awb-text-transform:none;\"><p><span style=\"font-weight: 400;\">Timothy es un dedicado defensor de la salud que se especializa en terapia craneosacral y de masajes. Es un defensor del dise\u00f1o hol\u00edstico, la nutrici\u00f3n y la convivencia en mayor armon\u00eda con la naturaleza.<\/span><\/p>\n<p><span style=\"font-weight: 400;\">Nacido en Birmingham, Alabama, inspirado por su familia musical, Tim encontr\u00f3 su pasi\u00f3n en las artes esc\u00e9nicas. Despu\u00e9s de obtener su licenciatura en M\u00fasica y su maestr\u00eda en Bellas Artes, se embarc\u00f3 en su carrera actuando en escenarios en Nueva York y en toda la Costa Este de Estados Unidos. M\u00e1s tarde se mud\u00f3 a Los \u00c1ngeles y se interes\u00f3 en la producci\u00f3n de eventos.<\/span><\/p>\n<p><span style=\"font-weight: 400;\">Como coordinador y planificador de eventos, Tim trabaj\u00f3 en el dise\u00f1o y la implementaci\u00f3n de una variedad de eventos para recaudar fondos, capacitaciones corporativas, estrenos de pel\u00edculas y entregas de premios.<\/span><\/p>\n<p><span style=\"font-weight: 400;\">En 2012, \u00e9l y su esposa, Tessa, se mudaron a Costa Rica, donde ahora est\u00e1n criando a dos ni\u00f1os peque\u00f1os. Tim es un educador en el creciente movimiento hacia el desarrollo sostenible de la tierra y la comunidad. El propone modelos regenerativos que emplean las mejores pr\u00e1cticas de permacultura, vivienda, vida sostenible y salud personal.<\/span><\/p>\n<p><span style=\"font-weight: 400;\">Su objetivo es co-crear un mundo mejor ayudando a otros en la transici\u00f3n a un \u00abestilo de vida de sentido com\u00fan\u00bb. Como Director de Comunicaciones de Perma Vida, est\u00e1 emocionado de apoyar la evoluci\u00f3n de las comunidades regenerativas en todo el mundo.<\/span><\/p>\n<\/div><\/div><\/div><\/div><\/div><div class=\"fusion-fullwidth fullwidth-box fusion-builder-row-2 fusion-flex-container nonhundred-percent-fullwidth non-hundred-percent-height-scrolling\" style=\"--awb-border-radius-top-left:0px;--awb-border-radius-top-right:0px;--awb-border-radius-bottom-right:0px;--awb-border-radius-bottom-left:0px;--awb-flex-wrap:wrap;\" ><div class=\"fusion-builder-row fusion-row fusion-flex-align-items-flex-start fusion-flex-content-wrap\" style=\"max-width:1216.8px;margin-left: calc(-4% \/ 2 );margin-right: calc(-4% \/ 2 );\"><div class=\"fusion-layout-column fusion_builder_column fusion-builder-column-2 fusion_builder_column_1_1 1_1 fusion-flex-column\" style=\"--awb-bg-size:cover;--awb-width-large:100%;--awb-margin-top-large:0px;--awb-spacing-right-large:1.92%;--awb-margin-bottom-large:0px;--awb-spacing-left-large:1.92%;--awb-width-medium:100%;--awb-spacing-right-medium:1.92%;--awb-spacing-left-medium:1.92%;--awb-width-small:100%;--awb-spacing-right-small:1.92%;--awb-spacing-left-small:1.92%;\"><div class=\"fusion-column-wrapper fusion-flex-justify-content-flex-start fusion-content-layout-column\"><div class=\"fusion-text fusion-text-2\"><div class=\"fusion-fullwidth fullwidth-box fusion-builder-row-2-1 fusion-flex-container fusion-parallax-none nonhundred-percent-fullwidth non-hundred-percent-height-scrolling\" style=\"--awb-border-sizes-top:0px;--awb-border-sizes-bottom:0px;--awb-border-sizes-left:0px;--awb-border-sizes-right:0px;--awb-border-radius-top-left:0px;--awb-border-radius-top-right:0px;--awb-border-radius-bottom-right:0px;--awb-border-radius-bottom-left:0px;--awb-padding-top:150px;--awb-padding-bottom:150px;--awb-margin-top:0px;--awb-background-image:linear-gradient(180deg, rgba(0,0,0,0.2) 0%,rgba(0,0,0,0.65) 100%),url(https:\/\/permavida.org\/wp-content\/uploads\/2021\/09\/nico-vivero.png);;--awb-background-size:cover;--awb-flex-wrap:wrap;\" ><\/div>\n\n<\/div><\/div><\/div><\/div><\/div><\/p>\n","protected":false},"excerpt":{"rendered":"","protected":false},"author":1,"featured_media":0,"parent":2200,"menu_order":0,"comment_status":"closed","ping_status":"closed","template":"100-width.php","meta":{"footnotes":""},"class_list":["post-2551","page","type-page","status-publish","hentry"],"_links":{"self":[{"href":"https:\/\/permavida.org\/es\/wp-json\/wp\/v2\/pages\/2551","targetHints":{"allow":["GET"]}}],"collection":[{"href":"https:\/\/permavida.org\/es\/wp-json\/wp\/v2\/pages"}],"about":[{"href":"https:\/\/permavida.org\/es\/wp-json\/wp\/v2\/types\/page"}],"author":[{"embeddable":true,"href":"https:\/\/permavida.org\/es\/wp-json\/wp\/v2\/users\/1"}],"replies":[{"embeddable":true,"href":"https:\/\/permavida.org\/es\/wp-json\/wp\/v2\/comments?post=2551"}],"version-history":[{"count":2,"href":"https:\/\/permavida.org\/es\/wp-json\/wp\/v2\/pages\/2551\/revisions"}],"predecessor-version":[{"id":2553,"href":"https:\/\/permavida.org\/es\/wp-json\/wp\/v2\/pages\/2551\/revisions\/2553"}],"up":[{"embeddable":true,"href":"https:\/\/permavida.org\/es\/wp-json\/wp\/v2\/pages\/2200"}],"wp:attachment":[{"href":"https:\/\/permavida.org\/es\/wp-json\/wp\/v2\/media?parent=2551"}],"curies":[{"name":"wp","href":"https:\/\/api.w.org\/{rel}","templated":true}]}}