{"id":2554,"date":"2022-02-03T04:50:26","date_gmt":"2022-02-03T04:50:26","guid":{"rendered":"https:\/\/permavida.org\/?page_id=2554"},"modified":"2022-02-03T04:50:26","modified_gmt":"2022-02-03T04:50:26","slug":"ryan-hetner","status":"publish","type":"page","link":"https:\/\/permavida.org\/es\/about\/ryan-hetner","title":{"rendered":"Ryan Hetner"},"content":{"rendered":"<p><div class=\"fusion-fullwidth fullwidth-box fusion-builder-row-1 fusion-flex-container nonhundred-percent-fullwidth non-hundred-percent-height-scrolling\" style=\"--awb-border-radius-top-left:0px;--awb-border-radius-top-right:0px;--awb-border-radius-bottom-right:0px;--awb-border-radius-bottom-left:0px;--awb-padding-top:40px;--awb-flex-wrap:wrap;\" ><div class=\"fusion-builder-row fusion-row fusion-flex-align-items-flex-start fusion-flex-content-wrap\" style=\"max-width:1216.8px;margin-left: calc(-4% \/ 2 );margin-right: calc(-4% \/ 2 );\"><div class=\"fusion-layout-column fusion_builder_column fusion-builder-column-0 fusion_builder_column_1_3 1_3 fusion-flex-column\" style=\"--awb-bg-size:cover;--awb-width-large:33.333333333333%;--awb-margin-top-large:0px;--awb-spacing-right-large:5.76%;--awb-margin-bottom-large:20px;--awb-spacing-left-large:5.76%;--awb-width-medium:100%;--awb-order-medium:0;--awb-spacing-right-medium:1.92%;--awb-spacing-left-medium:1.92%;--awb-width-small:100%;--awb-order-small:0;--awb-spacing-right-small:1.92%;--awb-spacing-left-small:1.92%;\"><div class=\"fusion-column-wrapper fusion-column-has-shadow fusion-flex-justify-content-flex-start fusion-content-layout-column\"><div class=\"fusion-image-element \" style=\"--awb-caption-title-font-family:var(--h2_typography-font-family);--awb-caption-title-font-weight:var(--h2_typography-font-weight);--awb-caption-title-font-style:var(--h2_typography-font-style);--awb-caption-title-size:var(--h2_typography-font-size);--awb-caption-title-transform:var(--h2_typography-text-transform);--awb-caption-title-line-height:var(--h2_typography-line-height);--awb-caption-title-letter-spacing:var(--h2_typography-letter-spacing);\"><span class=\" fusion-imageframe imageframe-none imageframe-1 hover-type-none\" style=\"border-radius:50%;\"><img decoding=\"async\" width=\"400\" height=\"400\" alt=\"Ryan Hetner\" title=\"Screen Shot 2021-09-06 at 1.59.35 PM\" src=\"https:\/\/permavida.org\/wp-content\/uploads\/2021\/09\/Screen-Shot-2021-09-06-at-1.59.35-PM-400x400.png\" class=\"img-responsive wp-image-1665\" srcset=\"https:\/\/permavida.org\/wp-content\/uploads\/2021\/09\/Screen-Shot-2021-09-06-at-1.59.35-PM-200x200.png 200w, https:\/\/permavida.org\/wp-content\/uploads\/2021\/09\/Screen-Shot-2021-09-06-at-1.59.35-PM-400x400.png 400w, https:\/\/permavida.org\/wp-content\/uploads\/2021\/09\/Screen-Shot-2021-09-06-at-1.59.35-PM.png 600w\" sizes=\"(max-width: 1024px) 100vw, (max-width: 640px) 100vw, 400px\" \/><\/span><\/div><\/div><\/div><div class=\"fusion-layout-column fusion_builder_column fusion-builder-column-1 fusion_builder_column_2_3 2_3 fusion-flex-column\" style=\"--awb-bg-size:cover;--awb-width-large:66.666666666667%;--awb-margin-top-large:0px;--awb-spacing-right-large:2.88%;--awb-margin-bottom-large:20px;--awb-spacing-left-large:2.88%;--awb-width-medium:100%;--awb-order-medium:0;--awb-spacing-right-medium:1.92%;--awb-spacing-left-medium:1.92%;--awb-width-small:100%;--awb-order-small:0;--awb-spacing-right-small:1.92%;--awb-spacing-left-small:1.92%;\"><div class=\"fusion-column-wrapper fusion-column-has-shadow fusion-flex-justify-content-flex-start fusion-content-layout-column\"><div class=\"fusion-title title fusion-title-1 fusion-sep-none fusion-title-text fusion-title-size-two\" style=\"--awb-margin-bottom:10px;--awb-margin-top-small:0px;--awb-margin-right-small:0px;--awb-margin-bottom-small:20px;--awb-margin-left-small:0px;\"><h2 class=\"fusion-title-heading title-heading-left\" style=\"margin:0;\">Ryan Hetner<\/h2><\/div><div class=\"fusion-title title fusion-title-2 fusion-sep-none fusion-title-text fusion-title-size-four\" style=\"--awb-margin-top-small:0px;--awb-margin-right-small:0px;--awb-margin-bottom-small:20px;--awb-margin-left-small:0px;\"><h4 class=\"fusion-title-heading title-heading-left\" style=\"margin:0;\">Director de Operaciones<\/h4><\/div><div class=\"fusion-text fusion-text-1\" style=\"--awb-text-transform:none;\"><p><span style=\"font-weight: 400;\">El enfoque principal de Ryan Hetner es cultivar un ambiente de amor, comprensi\u00f3n y gran aprecio por la naturaleza. Creci\u00f3 en una gran ciudad pero siempre se sinti\u00f3 atra\u00eddo por el mundo de las plantas. Comenz\u00f3 a trabajar en el jard\u00edn desde ni\u00f1o con su madre. Cuidaban los jardines de flores y vegetales en su hogar urbano y disfrutaban la mayor\u00eda de los fines de semana de verano en la caba\u00f1a familiar.<\/span><\/p>\n<p><span style=\"font-weight: 400;\">Su amor por la naturaleza lo llev\u00f3 a estudiar ciencias ambientales en la Universidad de Guelph, sin embargo, las cosas m\u00e1s importantes que aprendi\u00f3 fueron fuera de clase. Encontr\u00f3 su pasi\u00f3n por el activismo con Animal Liberation Collective y Hemp Working Group.<\/span><\/p>\n<p><span style=\"font-weight: 400;\">Despu\u00e9s de recibir su t\u00edtulo de Licenciado en Ciencias en Estudios Ambientales, comenz\u00f3 a trabajar como consultor privado. Ayud\u00f3 a sus clientes a desarrollar jardines, tanto interiores como exteriores, especializ\u00e1ndose en brotes org\u00e1nicos y producci\u00f3n de pasto de trigo.<\/span><\/p>\n<p><span style=\"font-weight: 400;\">Despu\u00e9s de visitar Costa Rica en 2016, decidi\u00f3 mudarse all\u00ed y buscar un estilo de vida m\u00e1s natural en los tr\u00f3picos. Por lo general, lo puedes encontrar en su jard\u00edn, jugando con su hijo y disfrutando de un estilo de vida sencillo, rodeado de una hermosa y diversa selva tropical. Sus otros intereses incluyen aprender sobre historias alternativas, preparar deliciosos alimentos a base de plantas, explorar la espiritualidad, hacer m\u00fasica y conectarse con sus seres queridos.<\/span><\/p>\n<p><span style=\"font-weight: 400;\">Como Director Voluntario de la Fundaci\u00f3n Perma Vida, Ryan disfruta aprender y compartir la sabidur\u00eda de la permacultura con amigos incre\u00edbles de todo el mundo. \u00a1Bienvenido a la familia Perma Vida!<\/span><\/p>\n<\/div><\/div><\/div><\/div><\/div><div class=\"fusion-fullwidth fullwidth-box fusion-builder-row-2 fusion-flex-container nonhundred-percent-fullwidth non-hundred-percent-height-scrolling\" style=\"--awb-border-radius-top-left:0px;--awb-border-radius-top-right:0px;--awb-border-radius-bottom-right:0px;--awb-border-radius-bottom-left:0px;--awb-flex-wrap:wrap;\" ><div class=\"fusion-builder-row fusion-row fusion-flex-align-items-flex-start fusion-flex-content-wrap\" style=\"max-width:1216.8px;margin-left: calc(-4% \/ 2 );margin-right: calc(-4% \/ 2 );\"><div class=\"fusion-layout-column fusion_builder_column fusion-builder-column-2 fusion_builder_column_1_1 1_1 fusion-flex-column\" style=\"--awb-bg-size:cover;--awb-width-large:100%;--awb-margin-top-large:0px;--awb-spacing-right-large:1.92%;--awb-margin-bottom-large:0px;--awb-spacing-left-large:1.92%;--awb-width-medium:100%;--awb-spacing-right-medium:1.92%;--awb-spacing-left-medium:1.92%;--awb-width-small:100%;--awb-spacing-right-small:1.92%;--awb-spacing-left-small:1.92%;\"><div class=\"fusion-column-wrapper fusion-flex-justify-content-flex-start fusion-content-layout-column\"><div class=\"fusion-text fusion-text-2\"><div class=\"fusion-fullwidth fullwidth-box fusion-builder-row-2-1 fusion-flex-container fusion-parallax-none nonhundred-percent-fullwidth non-hundred-percent-height-scrolling\" style=\"--awb-border-sizes-top:0px;--awb-border-sizes-bottom:0px;--awb-border-sizes-left:0px;--awb-border-sizes-right:0px;--awb-border-radius-top-left:0px;--awb-border-radius-top-right:0px;--awb-border-radius-bottom-right:0px;--awb-border-radius-bottom-left:0px;--awb-padding-top:150px;--awb-padding-bottom:150px;--awb-margin-top:0px;--awb-background-image:linear-gradient(180deg, rgba(0,0,0,0.2) 0%,rgba(0,0,0,0.65) 100%),url(https:\/\/permavida.org\/wp-content\/uploads\/2021\/09\/nico-vivero.png);;--awb-background-size:cover;--awb-flex-wrap:wrap;\" ><\/div>\n\n<\/div><\/div><\/div><\/div><\/div><\/p>\n","protected":false},"excerpt":{"rendered":"","protected":false},"author":1,"featured_media":0,"parent":2200,"menu_order":0,"comment_status":"closed","ping_status":"closed","template":"100-width.php","meta":{"footnotes":""},"class_list":["post-2554","page","type-page","status-publish","hentry"],"_links":{"self":[{"href":"https:\/\/permavida.org\/es\/wp-json\/wp\/v2\/pages\/2554","targetHints":{"allow":["GET"]}}],"collection":[{"href":"https:\/\/permavida.org\/es\/wp-json\/wp\/v2\/pages"}],"about":[{"href":"https:\/\/permavida.org\/es\/wp-json\/wp\/v2\/types\/page"}],"author":[{"embeddable":true,"href":"https:\/\/permavida.org\/es\/wp-json\/wp\/v2\/users\/1"}],"replies":[{"embeddable":true,"href":"https:\/\/permavida.org\/es\/wp-json\/wp\/v2\/comments?post=2554"}],"version-history":[{"count":3,"href":"https:\/\/permavida.org\/es\/wp-json\/wp\/v2\/pages\/2554\/revisions"}],"predecessor-version":[{"id":2557,"href":"https:\/\/permavida.org\/es\/wp-json\/wp\/v2\/pages\/2554\/revisions\/2557"}],"up":[{"embeddable":true,"href":"https:\/\/permavida.org\/es\/wp-json\/wp\/v2\/pages\/2200"}],"wp:attachment":[{"href":"https:\/\/permavida.org\/es\/wp-json\/wp\/v2\/media?parent=2554"}],"curies":[{"name":"wp","href":"https:\/\/api.w.org\/{rel}","templated":true}]}}