{"id":2570,"date":"2022-02-03T05:06:46","date_gmt":"2022-02-03T05:06:46","guid":{"rendered":"https:\/\/permavida.org\/?page_id=2570"},"modified":"2022-02-03T05:06:46","modified_gmt":"2022-02-03T05:06:46","slug":"ara-favrot","status":"publish","type":"page","link":"https:\/\/permavida.org\/es\/about\/ara-favrot","title":{"rendered":"Ara Favrot"},"content":{"rendered":"<p><div class=\"fusion-fullwidth fullwidth-box fusion-builder-row-1 fusion-flex-container nonhundred-percent-fullwidth non-hundred-percent-height-scrolling\" style=\"--awb-border-radius-top-left:0px;--awb-border-radius-top-right:0px;--awb-border-radius-bottom-right:0px;--awb-border-radius-bottom-left:0px;--awb-padding-top:40px;--awb-flex-wrap:wrap;\" ><div class=\"fusion-builder-row fusion-row fusion-flex-align-items-flex-start fusion-flex-content-wrap\" style=\"max-width:1216.8px;margin-left: calc(-4% \/ 2 );margin-right: calc(-4% \/ 2 );\"><div class=\"fusion-layout-column fusion_builder_column fusion-builder-column-0 fusion_builder_column_1_3 1_3 fusion-flex-column\" style=\"--awb-bg-size:cover;--awb-width-large:33.333333333333%;--awb-margin-top-large:0px;--awb-spacing-right-large:5.76%;--awb-margin-bottom-large:20px;--awb-spacing-left-large:5.76%;--awb-width-medium:100%;--awb-order-medium:0;--awb-spacing-right-medium:1.92%;--awb-spacing-left-medium:1.92%;--awb-width-small:100%;--awb-order-small:0;--awb-spacing-right-small:1.92%;--awb-spacing-left-small:1.92%;\"><div class=\"fusion-column-wrapper fusion-column-has-shadow fusion-flex-justify-content-flex-start fusion-content-layout-column\"><div class=\"fusion-image-element \" style=\"--awb-caption-title-font-family:var(--h2_typography-font-family);--awb-caption-title-font-weight:var(--h2_typography-font-weight);--awb-caption-title-font-style:var(--h2_typography-font-style);--awb-caption-title-size:var(--h2_typography-font-size);--awb-caption-title-transform:var(--h2_typography-text-transform);--awb-caption-title-line-height:var(--h2_typography-line-height);--awb-caption-title-letter-spacing:var(--h2_typography-letter-spacing);\"><span class=\" fusion-imageframe imageframe-none imageframe-1 hover-type-none\" style=\"border-radius:50%;\"><img decoding=\"async\" width=\"400\" height=\"400\" alt=\"Ara Favrot\" title=\"Ara-profile\" src=\"https:\/\/permavida.org\/wp-content\/uploads\/2021\/09\/Ara-profile-400x400.png\" class=\"img-responsive wp-image-1666\" srcset=\"https:\/\/permavida.org\/wp-content\/uploads\/2021\/09\/Ara-profile-200x200.png 200w, https:\/\/permavida.org\/wp-content\/uploads\/2021\/09\/Ara-profile-400x400.png 400w, https:\/\/permavida.org\/wp-content\/uploads\/2021\/09\/Ara-profile.png 600w\" sizes=\"(max-width: 1024px) 100vw, (max-width: 640px) 100vw, 400px\" \/><\/span><\/div><\/div><\/div><div class=\"fusion-layout-column fusion_builder_column fusion-builder-column-1 fusion_builder_column_2_3 2_3 fusion-flex-column\" style=\"--awb-bg-size:cover;--awb-width-large:66.666666666667%;--awb-margin-top-large:0px;--awb-spacing-right-large:2.88%;--awb-margin-bottom-large:20px;--awb-spacing-left-large:2.88%;--awb-width-medium:100%;--awb-order-medium:0;--awb-spacing-right-medium:1.92%;--awb-spacing-left-medium:1.92%;--awb-width-small:100%;--awb-order-small:0;--awb-spacing-right-small:1.92%;--awb-spacing-left-small:1.92%;\"><div class=\"fusion-column-wrapper fusion-column-has-shadow fusion-flex-justify-content-flex-start fusion-content-layout-column\"><div class=\"fusion-title title fusion-title-1 fusion-sep-none fusion-title-text fusion-title-size-two\" style=\"--awb-margin-bottom:10px;--awb-margin-top-small:0px;--awb-margin-right-small:0px;--awb-margin-bottom-small:20px;--awb-margin-left-small:0px;\"><h2 class=\"fusion-title-heading title-heading-left\" style=\"margin:0;\">Ara Favrot<\/h2><\/div><div class=\"fusion-title title fusion-title-2 fusion-sep-none fusion-title-text fusion-title-size-four\" style=\"--awb-margin-top-small:0px;--awb-margin-right-small:0px;--awb-margin-bottom-small:20px;--awb-margin-left-small:0px;\"><h4 class=\"fusion-title-heading title-heading-left\" style=\"margin:0;\">Director de Libera la Comida<\/h4><\/div><div class=\"fusion-text fusion-text-1\" style=\"--awb-text-transform:none;\"><p><span style=\"font-weight: 400;\">Arthur \u201cAra\u201d Favrot naci\u00f3 y creci\u00f3 en Francia. En 2013, se mud\u00f3 a Costa Rica y comenz\u00f3 su viaje explorando comunidades conscientes de la salud. Despu\u00e9s de ocho a\u00f1os de practicar la permacultura, descubri\u00f3 la agricultura sintr\u00f3pica, un m\u00e9todo de agricultura que integra procesos naturales y la regeneraci\u00f3n de ecosistemas. A medida que aprendi\u00f3 m\u00e1s, se dio cuenta de que nunca dise\u00f1ar\u00eda \u00abjardines\u00bb de la misma manera que lo hizo antes.<\/span><\/p>\n<p><span style=\"font-weight: 400;\">Ara descubri\u00f3 que muy pocas personas conoc\u00edan este enfoque, por lo que se inspir\u00f3 mucho para compartirlo. \u00c9l y algunos amigos comenzaron a plantar a lo largo de los caminos, siguiendo los principios de la agricultura sintr\u00f3pica, para brindar acceso a alimentos gratuitos para su comunidad local. Llamaron a este proyecto \u201cFree the Food\u201d (Libera la Comida).<\/span><\/p>\n<p><span style=\"font-weight: 400;\">En lugar de crear su propia entidad sin fines de lucro, decidieron cooperar con organizaciones existentes que comparten los mismos objetivos regenerativos, como la Fundaci\u00f3n Perma Vida. Estos aliados organizan equipos de voluntarios para cada calle o zona a cultivar y plantar.<\/span><\/p>\n<p><span style=\"font-weight: 400;\">Cada equipo de plantaci\u00f3n incluye un gu\u00eda capacitado que sigue los protocolos de Free the Food y documenta su progreso en l\u00ednea, comparte fotos y actualizaciones para atraer apoyo moral y financiero. Esto ayuda a garantizar que estas \u201cl\u00edneas\u201d sintr\u00f3picas reci\u00e9n establecidas a lo largo de las calles se instalen y mantengan correctamente.<\/span><\/p>\n<p><span style=\"font-weight: 400;\">Tambi\u00e9n incluyen letreros que indican que la comida es libre de recolectar, explican c\u00f3mo funciona la agricultura sintr\u00f3pica, mencionan el sitio web para que las personas puedan obtener m\u00e1s informaci\u00f3n al respecto y dan cr\u00e9dito al equipo espec\u00edfico responsable. \u00a1Con Ara, estamos emocionados de co-crear comunidades pr\u00f3speras en todo el mundo!<\/span><\/p>\n<\/div><\/div><\/div><\/div><\/div><div class=\"fusion-fullwidth fullwidth-box fusion-builder-row-2 fusion-flex-container nonhundred-percent-fullwidth non-hundred-percent-height-scrolling\" style=\"--awb-border-radius-top-left:0px;--awb-border-radius-top-right:0px;--awb-border-radius-bottom-right:0px;--awb-border-radius-bottom-left:0px;--awb-flex-wrap:wrap;\" ><div class=\"fusion-builder-row fusion-row fusion-flex-align-items-flex-start fusion-flex-content-wrap\" style=\"max-width:1216.8px;margin-left: calc(-4% \/ 2 );margin-right: calc(-4% \/ 2 );\"><div class=\"fusion-layout-column fusion_builder_column fusion-builder-column-2 fusion_builder_column_1_1 1_1 fusion-flex-column\" style=\"--awb-bg-size:cover;--awb-width-large:100%;--awb-margin-top-large:0px;--awb-spacing-right-large:1.92%;--awb-margin-bottom-large:0px;--awb-spacing-left-large:1.92%;--awb-width-medium:100%;--awb-spacing-right-medium:1.92%;--awb-spacing-left-medium:1.92%;--awb-width-small:100%;--awb-spacing-right-small:1.92%;--awb-spacing-left-small:1.92%;\"><div class=\"fusion-column-wrapper fusion-flex-justify-content-flex-start fusion-content-layout-column\"><div class=\"fusion-text fusion-text-2\"><div class=\"fusion-fullwidth fullwidth-box fusion-builder-row-2-1 fusion-flex-container fusion-parallax-none nonhundred-percent-fullwidth non-hundred-percent-height-scrolling\" style=\"--awb-border-sizes-top:0px;--awb-border-sizes-bottom:0px;--awb-border-sizes-left:0px;--awb-border-sizes-right:0px;--awb-border-radius-top-left:0px;--awb-border-radius-top-right:0px;--awb-border-radius-bottom-right:0px;--awb-border-radius-bottom-left:0px;--awb-padding-top:150px;--awb-padding-bottom:150px;--awb-margin-top:0px;--awb-background-image:linear-gradient(180deg, rgba(0,0,0,0.2) 0%,rgba(0,0,0,0.65) 100%),url(https:\/\/permavida.org\/wp-content\/uploads\/2021\/09\/nico-vivero.png);;--awb-background-size:cover;--awb-flex-wrap:wrap;\" ><\/div>\n\n<\/div><\/div><\/div><\/div><\/div><\/p>\n","protected":false},"excerpt":{"rendered":"","protected":false},"author":1,"featured_media":0,"parent":2200,"menu_order":0,"comment_status":"closed","ping_status":"closed","template":"100-width.php","meta":{"footnotes":""},"class_list":["post-2570","page","type-page","status-publish","hentry"],"_links":{"self":[{"href":"https:\/\/permavida.org\/es\/wp-json\/wp\/v2\/pages\/2570","targetHints":{"allow":["GET"]}}],"collection":[{"href":"https:\/\/permavida.org\/es\/wp-json\/wp\/v2\/pages"}],"about":[{"href":"https:\/\/permavida.org\/es\/wp-json\/wp\/v2\/types\/page"}],"author":[{"embeddable":true,"href":"https:\/\/permavida.org\/es\/wp-json\/wp\/v2\/users\/1"}],"replies":[{"embeddable":true,"href":"https:\/\/permavida.org\/es\/wp-json\/wp\/v2\/comments?post=2570"}],"version-history":[{"count":2,"href":"https:\/\/permavida.org\/es\/wp-json\/wp\/v2\/pages\/2570\/revisions"}],"predecessor-version":[{"id":2572,"href":"https:\/\/permavida.org\/es\/wp-json\/wp\/v2\/pages\/2570\/revisions\/2572"}],"up":[{"embeddable":true,"href":"https:\/\/permavida.org\/es\/wp-json\/wp\/v2\/pages\/2200"}],"wp:attachment":[{"href":"https:\/\/permavida.org\/es\/wp-json\/wp\/v2\/media?parent=2570"}],"curies":[{"name":"wp","href":"https:\/\/api.w.org\/{rel}","templated":true}]}}